{"id":101490,"date":"2025-10-21T13:48:35","date_gmt":"2025-10-21T13:48:35","guid":{"rendered":"https:\/\/lordraccoon.fr\/?post_type=product&#038;p=101490"},"modified":"2026-04-16T05:33:23","modified_gmt":"2026-04-16T05:33:23","slug":"forgeflame-fire","status":"publish","type":"product","link":"https:\/\/lordraccoon.fr\/en\/product\/forgeflame-fire","title":{"rendered":"Forgeflame &#8211; Fire &#038; Flames"},"content":{"rendered":"","protected":false},"excerpt":{"rendered":"<h3>Fire &amp; Flames &#8211; Extension Forgeflame<\/h3>\n<h5>D\u00e9cha\u00eenez l\u2019enfer avec Fire &amp; Flames !<\/h5>\n<p style=\"color:#ffffff;\">\nCette extension embrase vos parties de <strong>Forgeflame<\/strong> en introduisant <strong>deux nouveaux aventuriers ardents<\/strong>, aussi puissants qu\u2019impr\u00e9visibles.\n<\/p>\n<p style=\"color:#ffffff;\">\n<strong>Greedy<\/strong>, le jeune dragon, parcourt les mines \u00e0 la recherche de tr\u00e9sors pour agrandir son antre.<br \/>\n<strong>Devorfu<\/strong>, le d\u00e9mon de lave. Prenez garde \u00e0 son temp\u00e9rament explosif.\n<\/p>\n<p style=\"padding-left: 20px; color:#ffffff;\">\n\ud83d\udd25 Extension pour Forgeflame (N\u00e9cessite le jeu de base)<br \/>\n\ud83d\udc09 2 nouveaux aventuriers asym\u00e9triques<br \/>\n\ud83c\udccf 32 cartes uniques + 2 figurines<br \/>\n\ud83c\udf0d Fran\u00e7ais\/anglais dans la m\u00eame bo\u00eete<\/p>\n","protected":false},"featured_media":101512,"template":"","meta":[],"product_brand":[],"product_cat":[108,101],"product_tag":[],"class_list":{"0":"post-101490","1":"product","2":"type-product","3":"status-publish","4":"has-post-thumbnail","6":"product_cat-forgeflame","7":"product_cat-jeu-de-societe","8":"product_shipping_class-petit-volume","10":"first","11":"instock","12":"taxable","13":"shipping-taxable","14":"purchasable","15":"product-type-simple"},"_links":{"self":[{"href":"https:\/\/lordraccoon.fr\/en\/wp-json\/wp\/v2\/product\/101490","targetHints":{"allow":["GET"]}}],"collection":[{"href":"https:\/\/lordraccoon.fr\/en\/wp-json\/wp\/v2\/product"}],"about":[{"href":"https:\/\/lordraccoon.fr\/en\/wp-json\/wp\/v2\/types\/product"}],"wp:featuredmedia":[{"embeddable":true,"href":"https:\/\/lordraccoon.fr\/en\/wp-json\/wp\/v2\/media\/101512"}],"wp:attachment":[{"href":"https:\/\/lordraccoon.fr\/en\/wp-json\/wp\/v2\/media?parent=101490"}],"wp:term":[{"taxonomy":"product_brand","embeddable":true,"href":"https:\/\/lordraccoon.fr\/en\/wp-json\/wp\/v2\/product_brand?post=101490"},{"taxonomy":"product_cat","embeddable":true,"href":"https:\/\/lordraccoon.fr\/en\/wp-json\/wp\/v2\/product_cat?post=101490"},{"taxonomy":"product_tag","embeddable":true,"href":"https:\/\/lordraccoon.fr\/en\/wp-json\/wp\/v2\/product_tag?post=101490"}],"curies":[{"name":"wp","href":"https:\/\/api.w.org\/{rel}","templated":true}]}}