{"id":25274,"date":"2019-04-02T11:53:32","date_gmt":"2019-04-02T11:53:32","guid":{"rendered":"https:\/\/hongo.themezaa.com\/product\/import-placeholder-for-3990\/"},"modified":"2025-12-13T16:08:16","modified_gmt":"2025-12-13T16:08:16","slug":"last-bottle","status":"publish","type":"product","link":"https:\/\/lordraccoon.fr\/en\/product\/last-bottle","title":{"rendered":"The Last Bottle of Rum &#8211; Kickstarter Edition"},"content":{"rendered":"","protected":false},"excerpt":{"rendered":"<h5 class=\"title\">Dans ce jeu de soci\u00e9t\u00e9 pour 2 \u00e0 5 joueurs, vous incarnez un pirate \u00e0 la recherche du tout dernier flacon de rhum de l&#8217;archipel. Explorez des eaux inexplor\u00e9es, pillez vos ennemis et \u00e9vitez le Kraken pour remporter la victoire !<\/h5>\n<p>Obtenez l&#8217;\u00e9dition <strong>KICKSTARTER<\/strong> (avec tous les stretch goals) de The Last Bottle of Rum.<\/p>\n<p>Un jeu pour 2 \u00e0 5 pirates, 10 ans et plus, environ 60 minutes.<\/p>\n<p><strong>Auteur :<\/strong> Quentin Vernet<br \/>\n<strong>Illustrateur :<\/strong> Baptiste Michard<\/p>\n","protected":false},"featured_media":99998,"template":"","meta":[],"product_brand":[],"product_cat":[101],"product_tag":[],"class_list":{"0":"post-25274","1":"product","2":"type-product","3":"status-publish","4":"has-post-thumbnail","6":"product_cat-jeu-de-societe","8":"first","9":"outofstock","10":"taxable","11":"shipping-taxable","12":"purchasable","13":"product-type-variable"},"_links":{"self":[{"href":"https:\/\/lordraccoon.fr\/en\/wp-json\/wp\/v2\/product\/25274","targetHints":{"allow":["GET"]}}],"collection":[{"href":"https:\/\/lordraccoon.fr\/en\/wp-json\/wp\/v2\/product"}],"about":[{"href":"https:\/\/lordraccoon.fr\/en\/wp-json\/wp\/v2\/types\/product"}],"wp:featuredmedia":[{"embeddable":true,"href":"https:\/\/lordraccoon.fr\/en\/wp-json\/wp\/v2\/media\/99998"}],"wp:attachment":[{"href":"https:\/\/lordraccoon.fr\/en\/wp-json\/wp\/v2\/media?parent=25274"}],"wp:term":[{"taxonomy":"product_brand","embeddable":true,"href":"https:\/\/lordraccoon.fr\/en\/wp-json\/wp\/v2\/product_brand?post=25274"},{"taxonomy":"product_cat","embeddable":true,"href":"https:\/\/lordraccoon.fr\/en\/wp-json\/wp\/v2\/product_cat?post=25274"},{"taxonomy":"product_tag","embeddable":true,"href":"https:\/\/lordraccoon.fr\/en\/wp-json\/wp\/v2\/product_tag?post=25274"}],"curies":[{"name":"wp","href":"https:\/\/api.w.org\/{rel}","templated":true}]}}