{"id":100835,"date":"2023-05-04T08:18:13","date_gmt":"2023-05-04T08:18:13","guid":{"rendered":"https:\/\/lordraccoon.fr\/?post_type=product&#038;p=100835"},"modified":"2026-04-20T15:59:54","modified_gmt":"2026-04-20T15:59:54","slug":"taverns","status":"publish","type":"product","link":"https:\/\/lordraccoon.fr\/fr\/produit\/taverns","title":{"rendered":"Taverns &#038; Dragons &#8211; Kickstarter Edition"},"content":{"rendered":"","protected":false},"excerpt":{"rendered":"<h3>Taverns &amp; Dragons &#8211; \u00c9dition Kickstarter<\/h3>\n<h5>Taverns &amp; Dragons est un jeu d\u2019aventure familial m\u00ealant placement de d\u00e9s et d\u00e9placement de sbires, pour 1 \u00e0 5 joueurs.<\/h5>\n<p style=\"color: #ffffff;\">\nLe Roi d\u00e9barque en ville, et c\u2019est l\u2019occasion r\u00eav\u00e9e de faire de votre taverne la plus r\u00e9put\u00e9e du royaume. Pour gagner les faveurs du Roi, vous devrez pr\u00e9parer les plats les plus raffin\u00e9s : envoyez vos sbires explorer le royaume et r\u00e9colter des ingr\u00e9dients magiques, recrutez des h\u00e9ros pour vous pr\u00eater main forte et et partez chasser de redoutables dragons (leur viande est para\u00eet-il d\u00e9licieuse). Chaque d\u00e9cision compte, et seul le tavernier ayant accumul\u00e9 le plus de <strong>prestige<\/strong> remportera la victoire.<\/p>","protected":false},"featured_media":101520,"template":"","meta":[],"product_brand":[],"product_cat":[101,106],"product_tag":[],"class_list":{"0":"post-100835","1":"product","2":"type-product","3":"status-publish","4":"has-post-thumbnail","6":"product_cat-jeu-de-societe","7":"product_cat-taverns","8":"product_shipping_class-gros-volume","10":"first","11":"instock","12":"sale","13":"taxable","14":"shipping-taxable","15":"purchasable","16":"product-type-variable"},"_links":{"self":[{"href":"https:\/\/lordraccoon.fr\/fr\/wp-json\/wp\/v2\/product\/100835","targetHints":{"allow":["GET"]}}],"collection":[{"href":"https:\/\/lordraccoon.fr\/fr\/wp-json\/wp\/v2\/product"}],"about":[{"href":"https:\/\/lordraccoon.fr\/fr\/wp-json\/wp\/v2\/types\/product"}],"wp:featuredmedia":[{"embeddable":true,"href":"https:\/\/lordraccoon.fr\/fr\/wp-json\/wp\/v2\/media\/101520"}],"wp:attachment":[{"href":"https:\/\/lordraccoon.fr\/fr\/wp-json\/wp\/v2\/media?parent=100835"}],"wp:term":[{"taxonomy":"product_brand","embeddable":true,"href":"https:\/\/lordraccoon.fr\/fr\/wp-json\/wp\/v2\/product_brand?post=100835"},{"taxonomy":"product_cat","embeddable":true,"href":"https:\/\/lordraccoon.fr\/fr\/wp-json\/wp\/v2\/product_cat?post=100835"},{"taxonomy":"product_tag","embeddable":true,"href":"https:\/\/lordraccoon.fr\/fr\/wp-json\/wp\/v2\/product_tag?post=100835"}],"curies":[{"name":"wp","href":"https:\/\/api.w.org\/{rel}","templated":true}]}}