{"id":101462,"date":"2025-08-19T06:57:28","date_gmt":"2025-08-19T06:57:28","guid":{"rendered":"https:\/\/lordraccoon.fr\/?post_type=product&#038;p=101462"},"modified":"2026-04-16T05:33:25","modified_gmt":"2026-04-16T05:33:25","slug":"forgeflame-kickstarter-edition","status":"publish","type":"product","link":"https:\/\/lordraccoon.fr\/fr\/produit\/forgeflame-kickstarter-edition","title":{"rendered":"Forgeflame - \u00c9dition Kickstarter"},"content":{"rendered":"","protected":false},"excerpt":{"rendered":"<h3>Forgeflame &#8211; \u00c9dition Kickstarter<\/h3>\n<h5>Forgeflame est un jeu d\u2019aventure de deckbuilding &amp; pick-up-and-forge pour 1 \u00e0 5 joueurs.<\/h5>\n<p style=\"color: #ffffff;\">Assemblez une \u00e9quipe d\u2019aventuriers aux capacit\u00e9s uniques, explorez la mine, creusez, combattez et r\u00e9coltez de pr\u00e9cieux minerais avant de foncer vers la \u00ab Forge Quasi-\u00c9ternelle \u00bb pour y forger des artefacts de l\u00e9gende. Mais attention : la mine grouille de Kobolds, et seul celui qui aura amass\u00e9 le plus de gloire ressortira vainqueur de ces profondeurs\u2026<\/p>","protected":false},"featured_media":101510,"template":"","meta":[],"product_brand":[],"product_cat":[108,101],"product_tag":[],"class_list":{"0":"post-101462","1":"product","2":"type-product","3":"status-publish","4":"has-post-thumbnail","6":"product_cat-forgeflame","7":"product_cat-jeu-de-societe","8":"product_shipping_class-gros-volume","10":"first","11":"instock","12":"taxable","13":"shipping-taxable","14":"purchasable","15":"product-type-variable"},"_links":{"self":[{"href":"https:\/\/lordraccoon.fr\/fr\/wp-json\/wp\/v2\/product\/101462","targetHints":{"allow":["GET"]}}],"collection":[{"href":"https:\/\/lordraccoon.fr\/fr\/wp-json\/wp\/v2\/product"}],"about":[{"href":"https:\/\/lordraccoon.fr\/fr\/wp-json\/wp\/v2\/types\/product"}],"wp:featuredmedia":[{"embeddable":true,"href":"https:\/\/lordraccoon.fr\/fr\/wp-json\/wp\/v2\/media\/101510"}],"wp:attachment":[{"href":"https:\/\/lordraccoon.fr\/fr\/wp-json\/wp\/v2\/media?parent=101462"}],"wp:term":[{"taxonomy":"product_brand","embeddable":true,"href":"https:\/\/lordraccoon.fr\/fr\/wp-json\/wp\/v2\/product_brand?post=101462"},{"taxonomy":"product_cat","embeddable":true,"href":"https:\/\/lordraccoon.fr\/fr\/wp-json\/wp\/v2\/product_cat?post=101462"},{"taxonomy":"product_tag","embeddable":true,"href":"https:\/\/lordraccoon.fr\/fr\/wp-json\/wp\/v2\/product_tag?post=101462"}],"curies":[{"name":"wp","href":"https:\/\/api.w.org\/{rel}","templated":true}]}}